{"id":4021,"date":"2024-08-06T11:22:12","date_gmt":"2024-08-06T09:22:12","guid":{"rendered":"https:\/\/blog.apartmentbarcelona.com\/apartamentos-en-barcelona\/"},"modified":"2025-09-02T12:55:24","modified_gmt":"2025-09-02T10:55:24","slug":"appartamenti-a-barcellona","status":"publish","type":"page","link":"https:\/\/blog.apartmentbarcelona.com\/it\/appartamenti-a-barcellona\/","title":{"rendered":"Appartamenti a Barcellona"},"content":{"rendered":"<div class=\"wpb-content-wrapper\"><p>[vc_row][vc_column][vc_column_text css=&#8221;.vc_custom_1730882181039{padding-bottom: 20px !important;}&#8221;]<\/p>\n<h1><strong>Appartamenti a Barcellona<\/strong><\/h1>\n<p>[\/vc_column_text][\/vc_column][\/vc_row][vc_row css=&#8221;.vc_custom_1536760703673{margin-bottom: 0px !important;}&#8221;][vc_column width=&#8221;2\/3&#8243; el_class=&#8221;rodberg-box-shadow&#8221;][vc_single_image image=&#8221;3645&#8243; img_size=&#8221;full&#8221; alignment=&#8221;center&#8221; css=&#8221;&#8221;][vc_column_text css=&#8221;&#8221;]<\/p>\n<p style=\"text-align: justify;\">Che tu venga per rilassarti durante un weekend, per goderti una vacanza al mare o per motivi di lavoro, scegliere l&#8217;alloggio perfetto \u00e8 essenziale per sfruttare al massimo il tuo soggiorno. Sempre pi\u00f9 persone scelgono di <strong>affittare un appartamento a Barcellona<\/strong> piuttosto che soggiornare in hotel, soprattutto coloro che cercano maggiore privacy, comfort e libert\u00e0.<\/p>\n<p style=\"text-align: justify;\">Con oltre 20 anni di esperienza nel settore degli <strong>affitti turistici e mensili<\/strong> e con un\u2019offerta di oltre <strong>500 appartamenti<\/strong> completamente attrezzati, AB Apartment Barcelona ti offre le migliori opzioni di alloggio nelle zone pi\u00f9 rinomate della citt\u00e0. Dal vivace centro di Barcellona ai quartieri caratteristici come Gr\u00e0cia, Eixample, El Born, Sant Antoni, Poble Sec, Poblenou o la Barceloneta, troverai la posizione ideale per il tuo soggiorno. Soggiornando con noi, sarai <strong>vicino ai principali punti turistici di Barcellona<\/strong>, con ottimi collegamenti con i mezzi pubblici.<\/p>\n<p style=\"text-align: justify;\">Inoltre, disponiamo di un <strong>ufficio centrale aperto 365 giorni l&#8217;anno<\/strong> e offriamo <strong>assistenza telefonica 24 ore su 24<\/strong> per qualsiasi esigenza. Il nostro team sar\u00e0 <strong>a tua disposizione in ogni momento<\/strong>, prima, durante e dopo il tuo soggiorno. Il nostro obiettivo \u00e8 offrirti un&#8217;assistenza continua e farti sentire a casa a Barcellona, anche se lontano dalla tua.<\/p>\n<p>[\/vc_column_text][vc_column_text css=&#8221;.vc_custom_1730882010785{padding-bottom: 15px !important;}&#8221;]<\/p>\n<h3><strong>Alloggi con ogni comfort<\/strong><\/h3>\n<p>[\/vc_column_text][vc_row_inner][vc_column_inner][vc_single_image image=&#8221;3653&#8243; img_size=&#8221;full&#8221; alignment=&#8221;center&#8221; css=&#8221;&#8221;][\/vc_column_inner][\/vc_row_inner][vc_row_inner css=&#8221;.vc_custom_1539001691117{margin-top: 0px !important;margin-right: 0px !important;margin-bottom: 0px !important;margin-left: 0px !important;padding-top: 0px !important;padding-right: 0px !important;padding-bottom: 0px !important;padding-left: 0px !important;background-color: #ffffff !important;}&#8221;][vc_column_inner css=&#8221;.vc_custom_1539001696797{margin-top: 0px !important;margin-right: 0px !important;margin-bottom: 0px !important;margin-left: 0px !important;border-top-width: 0px !important;border-right-width: 0px !important;border-bottom-width: 0px !important;border-left-width: 0px !important;padding-top: 0px !important;padding-right: 0px !important;padding-bottom: 0px !important;padding-left: 0px !important;}&#8221;][vc_column_text css=&#8221;.vc_custom_1730882022825{padding-top: 0px !important;padding-right: 0px !important;padding-bottom: 20px !important;padding-left: 0px !important;}&#8221;]<\/p>\n<p style=\"text-align: justify;\">Tutti i nostri appartamenti a Barcellona sono <strong>completamente attrezzati e arredati<\/strong> per garantire che il tuo soggiorno sia il pi\u00f9 piacevole possibile. Ogni appartamento \u00e8 dotato di tutti i comfort necessari: connessione Internet gratuita, aria condizionata e riscaldamento, oltre agli articoli essenziali per il bagno, la cucina e la pulizia. Il nostro team di manutenzione e pulizia lavora costantemente per garantire che tutti i <strong>nostri appartamenti rispettino i pi\u00f9 alti standard di qualit\u00e0<\/strong>.<\/p>\n<p>[\/vc_column_text][vc_column_text css=&#8221;.vc_custom_1730882050757{padding-bottom: 15px !important;}&#8221;]<\/p>\n<h3><strong>Servizi digitali avanzati<\/strong><\/h3>\n<p style=\"text-align: justify;\">In <strong>AB Apartment Barcelona<\/strong>, ci impegniamo a offrire un&#8217;esperienza unica ai nostri clienti. Per questo abbiamo implementato il <strong>check-in online<\/strong>, un modo facile e veloce per registrarti nel tuo appartamento prima del tuo arrivo a Barcellona.<\/p>\n<p style=\"text-align: justify;\">Inoltre, la maggior parte dei nostri appartamenti a Barcellona \u00e8 dotata di serrature intelligenti, che ti permettono di accedere all&#8217;alloggio in modo autonomo utilizzando <strong>chiavi digitali<\/strong> direttamente sul tuo smartphone.<\/p>\n<p style=\"text-align: justify;\">Avrai anche accesso alla tua <strong>area cliente<\/strong>, dove potrai gestire le tue prenotazioni, accedere ai servizi, alle attivit\u00e0, agli sconti, alle raccomandazioni per scoprire Barcellona, e molto altro.<\/p>\n<p>[\/vc_column_text][vc_column_text css=&#8221;.vc_custom_1734082765452{padding-bottom: 15px !important;}&#8221;]<\/p>\n<h3><strong>Prezzi competitivi e sconti esclusivi<\/strong><\/h3>\n<p style=\"text-align: justify;\">I <strong>nostri prezzi sono pi\u00f9 competitivi<\/strong> rispetto ad altre piattaforme di prenotazione come Airbnb o Booking.com, permettendoti di goderti Barcellona senza preoccuparti del budget. <strong>Ti garantiamo il miglior prezzo<\/strong>!<\/p>\n<p style=\"text-align: justify;\">Inoltre, prenotando con AB Apartment Barcelona, <strong>guadagnerai 1 punto per ogni euro speso<\/strong>, che potrai riscattare per ottenere sconti sui futuri soggiorni. Apprezziamo molto la tua fedelt\u00e0, e questo \u00e8 il nostro modo per ricompensarti. Scopri maggiori dettagli e le condizioni del nostro <a href=\"https:\/\/www.apartmentbarcelona.com\/it\/loyalty-program\"><span style=\"color: #ff6600;\">programma fedelt\u00e0 My AB Rewards<\/span><\/a>!<\/p>\n<p>[\/vc_column_text][vc_column_text css=&#8221;.vc_custom_1730882089731{padding-bottom: 15px !important;}&#8221;]<\/p>\n<h3><strong>Vivi Barcellona come un abitante del posto<\/strong><\/h3>\n<p>[\/vc_column_text][vc_single_image image=&#8221;3661&#8243; img_size=&#8221;full&#8221; alignment=&#8221;center&#8221; css=&#8221;&#8221;][vc_column_text css=&#8221;.vc_custom_1734082801712{padding-bottom: 15px !important;}&#8221;]<\/p>\n<p style=\"text-align: justify;\">Cosa rende <strong>Barcellona<\/strong> cos\u00ec speciale? In quanto residenti di questa incredibile citt\u00e0, siamo qui per condividere con te i migliori <strong>consigli locali<\/strong> per aiutarti a scoprire tutto il suo fascino e la sua bellezza durante il tuo soggiorno. Dalle raccomandazioni sui migliori ristoranti dove gustare la deliziosa <a href=\"https:\/\/blog.apartmentbarcelona.com\/it\/2024\/05\/07\/tradizionali-catalani\/\"><span style=\"color: #ff6600;\">cucina catalana<\/span><\/a>, ai suggerimenti per <a href=\"https:\/\/blog.apartmentbarcelona.com\/it\/2024\/04\/09\/tesori-barcellona\/\"><span style=\"color: #ff6600;\">attrazioni meno turistiche<\/span><\/a> ma altrettanto affascinanti, i nostri consigli ti permetteranno di immergerti nella <strong>cultura, nella storia e nella vita di Barcellona<\/strong> in modo autentico e unico, facendoti sentire come un abitante del posto.<\/p>\n<p style=\"text-align: justify;\">Inoltre, <strong>prenotando un appartamento a Barcellona<\/strong> con noi, avrai accesso esclusivo a <strong>biglietti e sconti<\/strong> per goderti al massimo tutto ci\u00f2 che la citt\u00e0 ha da offrire. Dai biglietti per la <strong>Sagrada Familia<\/strong> e la <strong>Casa Batll\u00f3<\/strong>, alle esperienze e <strong>tour privati<\/strong> da condividere con i tuoi cari, ti garantiamo momenti indimenticabili!<\/p>\n<p>[\/vc_column_text][vc_column_text css=&#8221;.vc_custom_1730882129687{padding-bottom: 15px !important;}&#8221;]<\/p>\n<h3><strong>Alloggi sostenibili e solidali<\/strong><\/h3>\n<p style=\"text-align: justify;\">Per noi, vivere a Barcellona \u00e8 un vero privilegio. Per questo, come azienda e cittadini, ci assumiamo la responsabilit\u00e0 di <strong>preservare e proteggere<\/strong> questa meravigliosa citt\u00e0.<\/p>\n<p style=\"text-align: justify;\">In AB Apartment Barcelona, ci impegniamo quotidianamente a <strong>migliorare l&#8217;ambiente<\/strong> in cui operiamo. Questo impegno si riflette in tutte le nostre attivit\u00e0, con l&#8217;obiettivo di <strong>minimizzare il pi\u00f9 possibile il nostro impatto ambientale<\/strong>.<\/p>\n<p>[\/vc_column_text][vc_single_image image=&#8221;3669&#8243; img_size=&#8221;full&#8221; alignment=&#8221;center&#8221; css=&#8221;&#8221;][vc_column_text css=&#8221;.vc_custom_1734082827671{padding-bottom: 15px !important;}&#8221;]<\/p>\n<p style=\"text-align: justify;\">Come parte del nostro impegno, utilizziamo <strong>imballaggi sostenibili<\/strong> per i pacchetti di benvenuto nei nostri appartamenti, che includono articoli di cortesia realizzati da <strong>fornitori locali<\/strong>. Inoltre, incoraggiamo i nostri ospiti a <a href=\"https:\/\/blog.apartmentbarcelona.com\/it\/2024\/02\/27\/barcelona-siccita\/\"><strong><span style=\"color: #ff6600;\">utilizzare l&#8217;acqua in modo responsabile<\/span><\/strong><\/a> e diamo priorit\u00e0 all&#8217;efficienza energetica nei nostri alloggi, utilizzando sistemi di riscaldamento e aria condizionata a basso consumo energetico, illuminazione a basso consumo e sensori.<\/p>\n<p style=\"text-align: justify;\">Ci impegniamo inoltre a promuovere una <strong>buona convivenza tra i vicini e gli ospiti<\/strong>, assicurandoci che i nostri clienti siano informati sulla <strong>cultura<\/strong> e <strong>sulle abitudini locali<\/strong> della citt\u00e0, nonch\u00e9 sulle risorse culturali e naturali che Barcellona offre. Tutte queste informazioni sono fornite in <strong>formato digitale<\/strong>, evitando cos\u00ec l&#8217;uso di carta per le nostre comunicazioni.<\/p>\n<p style=\"text-align: justify;\">Prenotando un appartamento con noi, non solo godrai delle migliori offerte e di servizi di alta qualit\u00e0, ma contribuirai anche a un <strong>turismo pi\u00f9 responsabile<\/strong> e rispettoso dell&#8217;ambiente. Come parte del nostro impegno per la protezione dell&#8217;ambiente di Barcellona, possediamo diverse certificazioni che convalidano il nostro operato: <strong>Certificazione Safe Travels, Certificazione I-Prac, Macrosello We Respect<\/strong> e <strong>Certificazione Barcelona Biosphere<\/strong>. Scegli un soggiorno consapevole e sostenibile!<\/p>\n<p style=\"text-align: justify;\">Inoltre, grazie alla tua prenotazione, possiamo collaborare con diverse organizzazioni no-profit per <strong>aiutare le persone vulnerabili<\/strong> in situazioni di difficolt\u00e0. Supportiamo ONG come <strong>UNHCR, Save the Children e la Fondazione Pasqual Maragall<\/strong>, tra le altre.<\/p>\n<p style=\"text-align: justify;\">In AB Apartment Barcelona, uniamo <strong>comfort, professionalit\u00e0, cordialit\u00e0, sostenibilit\u00e0<\/strong> e un profondo amore per la nostra citt\u00e0 per offrirti un <strong>soggiorno perfetto<\/strong>. Scopri Barcellona con noi e crea ricordi indimenticabili con AB Apartment Barcelona!<\/p>\n<p>[\/vc_column_text][\/vc_column_inner][\/vc_row_inner][\/vc_column][vc_column width=&#8221;1\/3&#8243;][vc_widget_sidebar sidebar_id=&#8221;sidebar-1&#8243; el_class=&#8221;sidebar-content&#8221;][\/vc_column][\/vc_row]<\/p>\n<\/div>","protected":false},"excerpt":{"rendered":"<p>[vc_row][vc_column][vc_column_text css=&#8221;.vc_custom_1730882181039{padding-bottom: 20px !important;}&#8221;] Appartamenti a Barcellona [\/vc_column_text][\/vc_column][\/vc_row][vc_row css=&#8221;.vc_custom_1536760703673{margin-bottom: 0px !important;}&#8221;][vc_column width=&#8221;2\/3&#8243; el_class=&#8221;rodberg-box-shadow&#8221;][vc_single_image image=&#8221;3645&#8243; img_size=&#8221;full&#8221; alignment=&#8221;center&#8221; css=&#8221;&#8221;][vc_column_text css=&#8221;&#8221;] Che tu venga per rilassarti durante un weekend, per goderti una vacanza al mare o per motivi di lavoro, scegliere l&#8217;alloggio perfetto \u00e8 essenziale per sfruttare al massimo il tuo soggiorno. Sempre pi\u00f9 persone scelgono di affittare [&hellip;]<\/p>\n","protected":false},"author":1,"featured_media":0,"parent":0,"menu_order":0,"comment_status":"closed","ping_status":"closed","template":"","meta":{"om_disable_all_campaigns":false,"_monsterinsights_skip_tracking":false,"_monsterinsights_sitenote_active":false,"_monsterinsights_sitenote_note":"","_monsterinsights_sitenote_category":0,"footnotes":""},"class_list":["post-4021","page","type-page","status-publish","hentry"],"aioseo_notices":[],"_links":{"self":[{"href":"https:\/\/blog.apartmentbarcelona.com\/it\/wp-json\/wp\/v2\/pages\/4021","targetHints":{"allow":["GET"]}}],"collection":[{"href":"https:\/\/blog.apartmentbarcelona.com\/it\/wp-json\/wp\/v2\/pages"}],"about":[{"href":"https:\/\/blog.apartmentbarcelona.com\/it\/wp-json\/wp\/v2\/types\/page"}],"author":[{"embeddable":true,"href":"https:\/\/blog.apartmentbarcelona.com\/it\/wp-json\/wp\/v2\/users\/1"}],"replies":[{"embeddable":true,"href":"https:\/\/blog.apartmentbarcelona.com\/it\/wp-json\/wp\/v2\/comments?post=4021"}],"version-history":[{"count":7,"href":"https:\/\/blog.apartmentbarcelona.com\/it\/wp-json\/wp\/v2\/pages\/4021\/revisions"}],"predecessor-version":[{"id":74441,"href":"https:\/\/blog.apartmentbarcelona.com\/it\/wp-json\/wp\/v2\/pages\/4021\/revisions\/74441"}],"wp:attachment":[{"href":"https:\/\/blog.apartmentbarcelona.com\/it\/wp-json\/wp\/v2\/media?parent=4021"}],"curies":[{"name":"wp","href":"https:\/\/api.w.org\/{rel}","templated":true}]}}