{"id":4014,"date":"2024-08-06T11:22:12","date_gmt":"2024-08-06T09:22:12","guid":{"rendered":"https:\/\/blog.apartmentbarcelona.com\/apartamentos-en-barcelona\/"},"modified":"2025-09-02T12:53:30","modified_gmt":"2025-09-02T10:53:30","slug":"appartements-a-barcelone","status":"publish","type":"page","link":"https:\/\/blog.apartmentbarcelona.com\/fr\/appartements-a-barcelone\/","title":{"rendered":"Appartements \u00e0 Barcelone"},"content":{"rendered":"<div class=\"wpb-content-wrapper\"><p>[vc_row][vc_column][vc_column_text css=&#8221;.vc_custom_1730881099427{padding-bottom: 20px !important;}&#8221;]<\/p>\n<h1><strong>Appartements \u00e0 Barcelone<\/strong><\/h1>\n<p>[\/vc_column_text][\/vc_column][\/vc_row][vc_row css=&#8221;.vc_custom_1536760703673{margin-bottom: 0px !important;}&#8221;][vc_column width=&#8221;2\/3&#8243; el_class=&#8221;rodberg-box-shadow&#8221;][vc_single_image image=&#8221;3645&#8243; img_size=&#8221;full&#8221; alignment=&#8221;center&#8221; css=&#8221;&#8221;][vc_column_text css=&#8221;&#8221;]<\/p>\n<p style=\"text-align: justify;\">Que vous veniez pour un week-end de d\u00e9tente, pour des vacances \u00e0 la plage ou pour des raisons professionnelles, choisir le logement parfait est essentiel pour tirer le meilleur parti de votre s\u00e9jour. De plus en plus de personnes optent pour <strong>la location d&#8217;un appartement \u00e0 Barcelone<\/strong> au lieu d&#8217;un h\u00f4tel, en particulier celles qui recherchent une exp\u00e9rience plus authentique, avec plus d&#8217;intimit\u00e9, de confort et de libert\u00e9.<\/p>\n<p style=\"text-align: justify;\">Avec plus de 20 ans d&#8217;exp\u00e9rience dans le secteur de la <strong>location touristique et mensuelle<\/strong>, et un portefeuille de plus de <strong>500 appartements enti\u00e8rement<\/strong> \u00e9quip\u00e9s, AB Apartment Barcelona vous propose les meilleures options de logements dans les quartiers les plus pris\u00e9s de la ville. Du centre vibrant de Barcelone aux quartiers pleins de charme comme Gr\u00e0cia, Eixample, El Born, Sant Antoni, Poble Sec, Poblenou ou Barceloneta, vous trouverez l&#8217;emplacement id\u00e9al pour votre s\u00e9jour. En s\u00e9journant avec nous, vous serez <strong>proche des principales attractions de Barcelone<\/strong>, avec d&#8217;excellentes connexions de transport public.<\/p>\n<p style=\"text-align: justify;\">Nous disposons \u00e9galement d&#8217;un <strong>bureau central ouvert 365 jours<\/strong> par an et proposons une <strong>assistance t\u00e9l\u00e9phonique 24h\/24<\/strong> pour r\u00e9pondre \u00e0 tous vos besoins. Notre \u00e9quipe est <strong>\u00e0 votre disposition \u00e0 tout moment<\/strong>, avant, pendant et apr\u00e8s votre s\u00e9jour. Notre objectif est de vous offrir un service continu et de vous faire sentir chez vous \u00e0 Barcelone, m\u00eame loin de chez vous.<\/p>\n<p>[\/vc_column_text][vc_column_text css=&#8221;.vc_custom_1730881153135{padding-bottom: 15px !important;}&#8221;]<\/p>\n<h3><strong>Des logements avec tout le confort<\/strong><\/h3>\n<p>[\/vc_column_text][vc_row_inner][vc_column_inner][vc_single_image image=&#8221;3653&#8243; img_size=&#8221;full&#8221; alignment=&#8221;center&#8221; css=&#8221;&#8221;][\/vc_column_inner][\/vc_row_inner][vc_row_inner css=&#8221;.vc_custom_1539001691117{margin-top: 0px !important;margin-right: 0px !important;margin-bottom: 0px !important;margin-left: 0px !important;padding-top: 0px !important;padding-right: 0px !important;padding-bottom: 0px !important;padding-left: 0px !important;background-color: #ffffff !important;}&#8221;][vc_column_inner css=&#8221;.vc_custom_1539001696797{margin-top: 0px !important;margin-right: 0px !important;margin-bottom: 0px !important;margin-left: 0px !important;border-top-width: 0px !important;border-right-width: 0px !important;border-bottom-width: 0px !important;border-left-width: 0px !important;padding-top: 0px !important;padding-right: 0px !important;padding-bottom: 0px !important;padding-left: 0px !important;}&#8221;][vc_column_text css=&#8221;.vc_custom_1730881174598{padding-top: 0px !important;padding-right: 0px !important;padding-bottom: 20px !important;padding-left: 0px !important;}&#8221;]<\/p>\n<p style=\"text-align: justify;\">Tous nos appartements \u00e0 Barcelone sont <strong>enti\u00e8rement \u00e9quip\u00e9s et meubl\u00e9s<\/strong> pour garantir que votre s\u00e9jour soit aussi agr\u00e9able que possible. Chaque appartement dispose de toutes les commodit\u00e9s n\u00e9cessaires : connexion Internet gratuite, climatisation et chauffage, ainsi que des articles essentiels pour la salle de bain, la cuisine et le m\u00e9nage. Nos \u00e9quipes d&#8217;entretien et de nettoyage travaillent en continu pour s&#8217;assurer que tous <strong>nos logements respectent les normes de qualit\u00e9 les plus \u00e9lev\u00e9es<\/strong>.<\/p>\n<p>[\/vc_column_text][vc_column_text css=&#8221;.vc_custom_1730881209254{padding-bottom: 15px !important;}&#8221;]<\/p>\n<h3><strong>Services num\u00e9riques avanc\u00e9s<\/strong><\/h3>\n<p style=\"text-align: justify;\">Chez <strong>AB Apartment Barcelona<\/strong>, nous nous engageons \u00e0 offrir une exp\u00e9rience unique \u00e0 nos clients. C&#8217;est pourquoi nous avons mis en place l&#8217;<strong>enregistrement en ligne<\/strong>, une mani\u00e8re simple et rapide de vous enregistrer dans votre appartement avant votre arriv\u00e9e \u00e0 Barcelone.<\/p>\n<p style=\"text-align: justify;\">De plus, la plupart de nos appartements \u00e0 Barcelone sont \u00e9quip\u00e9s de serrures intelligentes, vous permettant d&#8217;acc\u00e9der \u00e0 votre logement de mani\u00e8re autonome en utilisant des <strong>cl\u00e9s num\u00e9riques<\/strong> directement depuis votre smartphone.<\/p>\n<p style=\"text-align: justify;\">Vous aurez \u00e9galement acc\u00e8s \u00e0 votre <strong>espace client<\/strong>, o\u00f9 vous pourrez g\u00e9rer vos r\u00e9servations, acc\u00e9der \u00e0 des services, des activit\u00e9s, des r\u00e9ductions, des recommandations pour d\u00e9couvrir Barcelone, et bien plus encore.<\/p>\n<p>[\/vc_column_text][vc_column_text css=&#8221;.vc_custom_1734082552012{padding-bottom: 15px !important;}&#8221;]<\/p>\n<h3><strong>Des prix comp\u00e9titifs et des r\u00e9ductions exclusives<\/strong><\/h3>\n<p style=\"text-align: justify;\"><strong>Nos prix sont plus comp\u00e9titifs<\/strong> par rapport aux autres plateformes de r\u00e9servation comme Airbnb ou Booking.com, vous permettant de profiter de Barcelone sans vous soucier du budget. <strong>Nous vous garantissons le meilleur prix<\/strong> !<\/p>\n<p style=\"text-align: justify;\">De plus, en r\u00e9servant avec AB Apartment Barcelona, <strong>vous gagnerez 1 point pour chaque euro d\u00e9pens\u00e9<\/strong>, que vous pourrez \u00e9changer contre des r\u00e9ductions sur de futurs s\u00e9jours. Nous appr\u00e9cions profond\u00e9ment votre fid\u00e9lit\u00e9, et c&#8217;est notre mani\u00e8re de vous r\u00e9compenser. D\u00e9couvrez plus d&#8217;informations et les conditions de notre <a href=\"https:\/\/www.apartmentbarcelona.com\/fr\/loyalty-program\"><span style=\"color: #ff6600;\">programme de fid\u00e9lit\u00e9 My AB Rewards<\/span><\/a> !<\/p>\n<p>[\/vc_column_text][vc_column_text css=&#8221;.vc_custom_1730881287632{padding-bottom: 15px !important;}&#8221;]<\/p>\n<h3><strong>Vivez Barcelone comme un local<\/strong><\/h3>\n<p>[\/vc_column_text][vc_single_image image=&#8221;3661&#8243; img_size=&#8221;full&#8221; alignment=&#8221;center&#8221; css=&#8221;&#8221;][vc_column_text css=&#8221;.vc_custom_1734082594860{padding-bottom: 15px !important;}&#8221;]<\/p>\n<p style=\"text-align: justify;\">Qu&#8217;est-ce qui rend <strong>Barcelone<\/strong> si sp\u00e9ciale ? En tant que r\u00e9sidents de cette incroyable ville, nous sommes l\u00e0 pour partager les meilleurs <strong>conseils locaux<\/strong> afin de vous aider \u00e0 d\u00e9couvrir tout son charme et sa beaut\u00e9 pendant votre s\u00e9jour. Des recommandations sur les meilleurs endroits pour savourer la d\u00e9licieuse <a href=\"https:\/\/blog.apartmentbarcelona.com\/fr\/2024\/05\/07\/11-plats-catalans-traditionnels-incontournables\/\"><span style=\"color: #ff6600;\">gastronomie catalane<\/span><\/a>, aux suggestions d&#8217;<a href=\"https:\/\/blog.apartmentbarcelona.com\/fr\/2024\/04\/09\/8-joyaux-caches-barcelone\/\"><span style=\"color: #ff6600;\">attractions moins touristiques<\/span><\/a>, mais tout aussi fascinantes, nos recommandations vous permettront de vous immerger dans la <strong>culture, l&#8217;histoire et la vie de Barcelone<\/strong> de mani\u00e8re authentique et unique, vous faisant sentir comme un v\u00e9ritable local.<\/p>\n<p style=\"text-align: justify;\">De plus, en <strong>r\u00e9servant un logement \u00e0 Barcelone<\/strong> avec nous, vous b\u00e9n\u00e9ficierez d&#8217;un acc\u00e8s exclusif \u00e0 des <strong>billets et r\u00e9ductions<\/strong> pour profiter pleinement de tout ce que la ville a \u00e0 offrir. Des billets pour la <strong>Sagrada Familia<\/strong> et la <strong>Casa Batll\u00f3<\/strong>, aux exp\u00e9riences et <strong>visites priv\u00e9es<\/strong> \u00e0 partager avec vos proches, nous vous garantissons des moments inoubliables !<\/p>\n<p>[\/vc_column_text][vc_column_text css=&#8221;.vc_custom_1730881331040{padding-bottom: 15px !important;}&#8221;]<\/p>\n<h3><strong>Logements durables et solidaires<\/strong><\/h3>\n<p style=\"text-align: justify;\">Pour nous, vivre \u00e0 Barcelone est un v\u00e9ritable privil\u00e8ge. C&#8217;est pourquoi, en tant qu&#8217;entreprise et citoyens, nous assumons la responsabilit\u00e9 de <strong>pr\u00e9server et prot\u00e9ger<\/strong> cette merveilleuse ville.<\/p>\n<p style=\"text-align: justify;\">Chez AB Apartment Barcelona, nous nous effor\u00e7ons quotidiennement d&#8217;<strong>am\u00e9liorer l&#8217;environnement <\/strong>dans lequel nous op\u00e9rons. Cet engagement se refl\u00e8te dans toutes nos activit\u00e9s, avec pour objectif de <strong>minimiser autant que possible notre impact environnemental<\/strong>.<\/p>\n<p>[\/vc_column_text][vc_single_image image=&#8221;3669&#8243; img_size=&#8221;full&#8221; alignment=&#8221;center&#8221; css=&#8221;&#8221;][vc_column_text css=&#8221;.vc_custom_1734082619632{padding-bottom: 15px !important;}&#8221;]<\/p>\n<p style=\"text-align: justify;\">Dans le cadre de notre engagement, nous utilisons des <strong>emballages durables<\/strong> pour les packs de bienvenue dans nos appartements, qui incluent des articles de courtoisie fabriqu\u00e9s par des <strong>fournisseurs locaux<\/strong>. Nous encourageons \u00e9galement nos invit\u00e9s \u00e0 <a href=\"https:\/\/blog.apartmentbarcelona.com\/fr\/2024\/03\/26\/secheresse-barcelone-utilisez-leau-maniere-responsable-pendant-sejour\/\"><strong><span style=\"color: #ff6600;\">utiliser l&#8217;eau de mani\u00e8re responsable<\/span><\/strong><\/a>, et nous privil\u00e9gions l&#8217;efficacit\u00e9 \u00e9nerg\u00e9tique dans nos logements en utilisant des syst\u00e8mes de chauffage et de climatisation \u00e9conomes en \u00e9nergie, un \u00e9clairage \u00e0 basse consommation et des capteurs.<\/p>\n<p style=\"text-align: justify;\">Nous nous effor\u00e7ons \u00e9galement de promouvoir une <strong>bonne cohabitation entre les voisins et les invit\u00e9s<\/strong>, en veillant \u00e0 ce que nos clients soient inform\u00e9s de la <strong>culture<\/strong> et des <strong>coutumes locales<\/strong>, ainsi que des ressources culturelles et naturelles que Barcelone offre. Toutes ces informations sont fournies en <strong>format num\u00e9rique<\/strong>, \u00e9vitant ainsi l&#8217;utilisation de papier pour nos communications.<\/p>\n<p style=\"text-align: justify;\">En r\u00e9servant un logement chez nous, non seulement vous profitez des meilleures offres et de services de haute qualit\u00e9, mais vous contribuez \u00e9galement \u00e0 un <strong>tourisme plus responsable<\/strong> et respectueux de l&#8217;environnement. Dans le cadre de notre engagement pour la protection de l&#8217;environnement de Barcelone, nous poss\u00e9dons plusieurs certifications qui valident nos efforts : <strong>Certificat Safe Travels, Certificat I-Prac, Macrosello We Respect<\/strong>, et <strong>Certificat Barcelona Biosphere<\/strong>. Optez pour un s\u00e9jour conscient et durable !<\/p>\n<p style=\"text-align: justify;\">De plus, gr\u00e2ce \u00e0 votre r\u00e9servation, nous pouvons collaborer avec diverses organisations \u00e0 but non lucratif pour <strong>aider les personnes vuln\u00e9rables<\/strong> en situation de risque. Nous soutenons des ONG telles que <strong>ACNUR, Save the Children, et la Fundaci\u00f3 Pasqual Maragall<\/strong>, entre autres.<\/p>\n<p style=\"text-align: justify;\">Chez AB Apartment Barcelona, nous allions <strong>confort, professionnalisme, proximit\u00e9, durabilit\u00e9<\/strong> et un profond amour pour notre ville afin de vous offrir un <strong>s\u00e9jour parfait<\/strong>. D\u00e9couvrez Barcelone avec nous et cr\u00e9ez des souvenirs inoubliables avec AB Apartment Barcelona !<\/p>\n<p>[\/vc_column_text][\/vc_column_inner][\/vc_row_inner][\/vc_column][vc_column width=&#8221;1\/3&#8243;][vc_widget_sidebar sidebar_id=&#8221;sidebar-1&#8243; el_class=&#8221;sidebar-content&#8221;][\/vc_column][\/vc_row]<\/p>\n<\/div>","protected":false},"excerpt":{"rendered":"<p>[vc_row][vc_column][vc_column_text css=&#8221;.vc_custom_1730881099427{padding-bottom: 20px !important;}&#8221;] Appartements \u00e0 Barcelone [\/vc_column_text][\/vc_column][\/vc_row][vc_row css=&#8221;.vc_custom_1536760703673{margin-bottom: 0px !important;}&#8221;][vc_column width=&#8221;2\/3&#8243; el_class=&#8221;rodberg-box-shadow&#8221;][vc_single_image image=&#8221;3645&#8243; img_size=&#8221;full&#8221; alignment=&#8221;center&#8221; css=&#8221;&#8221;][vc_column_text css=&#8221;&#8221;] Que vous veniez pour un week-end de d\u00e9tente, pour des vacances \u00e0 la plage ou pour des raisons professionnelles, choisir le logement parfait est essentiel pour tirer le meilleur parti de votre s\u00e9jour. De plus en plus [&hellip;]<\/p>\n","protected":false},"author":1,"featured_media":0,"parent":0,"menu_order":0,"comment_status":"closed","ping_status":"closed","template":"","meta":{"om_disable_all_campaigns":false,"_monsterinsights_skip_tracking":false,"_monsterinsights_sitenote_active":false,"_monsterinsights_sitenote_note":"","_monsterinsights_sitenote_category":0,"footnotes":""},"class_list":["post-4014","page","type-page","status-publish","hentry"],"aioseo_notices":[],"_links":{"self":[{"href":"https:\/\/blog.apartmentbarcelona.com\/fr\/wp-json\/wp\/v2\/pages\/4014","targetHints":{"allow":["GET"]}}],"collection":[{"href":"https:\/\/blog.apartmentbarcelona.com\/fr\/wp-json\/wp\/v2\/pages"}],"about":[{"href":"https:\/\/blog.apartmentbarcelona.com\/fr\/wp-json\/wp\/v2\/types\/page"}],"author":[{"embeddable":true,"href":"https:\/\/blog.apartmentbarcelona.com\/fr\/wp-json\/wp\/v2\/users\/1"}],"replies":[{"embeddable":true,"href":"https:\/\/blog.apartmentbarcelona.com\/fr\/wp-json\/wp\/v2\/comments?post=4014"}],"version-history":[{"count":5,"href":"https:\/\/blog.apartmentbarcelona.com\/fr\/wp-json\/wp\/v2\/pages\/4014\/revisions"}],"predecessor-version":[{"id":66514,"href":"https:\/\/blog.apartmentbarcelona.com\/fr\/wp-json\/wp\/v2\/pages\/4014\/revisions\/66514"}],"wp:attachment":[{"href":"https:\/\/blog.apartmentbarcelona.com\/fr\/wp-json\/wp\/v2\/media?parent=4014"}],"curies":[{"name":"wp","href":"https:\/\/api.w.org\/{rel}","templated":true}]}}