{"id":4001,"date":"2024-08-05T12:14:26","date_gmt":"2024-08-05T10:14:26","guid":{"rendered":"https:\/\/blog.apartmentbarcelona.com\/sobre-nosotros\/"},"modified":"2025-09-02T12:45:15","modified_gmt":"2025-09-02T10:45:15","slug":"a-propos-de-nous","status":"publish","type":"page","link":"https:\/\/blog.apartmentbarcelona.com\/fr\/a-propos-de-nous\/","title":{"rendered":"\u00c0 propos de nous"},"content":{"rendered":"<div class=\"wpb-content-wrapper\"><p>[vc_row][vc_column][vc_column_text css=&#8221;.vc_custom_1730879288616{padding-right: 0px !important;padding-bottom: 20px !important;padding-left: 0px !important;}&#8221;]<\/p>\n<h1><strong>\u00c0 propos de nous<\/strong><\/h1>\n<p>[\/vc_column_text][\/vc_column][\/vc_row][vc_row css=&#8221;.vc_custom_1726741690741{margin-bottom: 0px !important;padding-top: 20px !important;}&#8221;][vc_column width=&#8221;2\/3&#8243; el_class=&#8221;rodberg-box-shadow&#8221;][vc_single_image image=&#8221;3491&#8243; img_size=&#8221;full&#8221; alignment=&#8221;center&#8221; css=&#8221;&#8221;][vc_row_inner css=&#8221;.vc_custom_1539001691117{margin-top: 0px !important;margin-right: 0px !important;margin-bottom: 0px !important;margin-left: 0px !important;padding-top: 0px !important;padding-right: 0px !important;padding-bottom: 0px !important;padding-left: 0px !important;background-color: #ffffff !important;}&#8221;][vc_column_inner css=&#8221;.vc_custom_1539001696797{margin-top: 0px !important;margin-right: 0px !important;margin-bottom: 0px !important;margin-left: 0px !important;border-top-width: 0px !important;border-right-width: 0px !important;border-bottom-width: 0px !important;border-left-width: 0px !important;padding-top: 0px !important;padding-right: 0px !important;padding-bottom: 0px !important;padding-left: 0px !important;}&#8221;][vc_column_text css=&#8221;.vc_custom_1734081828936{padding-top: 30px !important;padding-right: 0px !important;padding-bottom: 20px !important;padding-left: 0px !important;}&#8221;]<\/p>\n<p style=\"text-align: justify;\">Chez <a href=\"https:\/\/www.apartmentbarcelona.com\/fr\"><span style=\"color: #ff6600;\">AB Apartment Barcelona<\/span><\/a>, nous sommes une <strong>agence sp\u00e9cialis\u00e9e dans la location de logements touristiques et mensuels \u00e0 Barcelone<\/strong>, avec plus de <strong>20 ans d&#8217;exp\u00e9rience dans le secteur immobilier<\/strong>.<\/p>\n<p style=\"text-align: justify;\">Nous proposons plus de <strong>500 appartements \u00e0 Barcelone<\/strong> disponibles \u00e0 la location pour des s\u00e9jours de courte dur\u00e9e \u2013 \u00e0 la journ\u00e9e, \u00e0 la semaine ou au mois. Des studios chaleureux aux appartements spacieux pour des groupes plus nombreux, nos invit\u00e9s peuvent choisir parmi une large gamme d&#8217;options r\u00e9parties dans toute la ville. Que vous voyagiez seul, avec des amis, en famille ou en couple, vous trouverez chez nous le <strong>logement id\u00e9al pour votre s\u00e9jour \u00e0 Barcelone<\/strong>.<\/p>\n<p style=\"text-align: justify;\">Ce <strong>blog<\/strong> est g\u00e9r\u00e9 par une \u00e9quipe d&#8217;<strong>experts locaux et internationaux<\/strong> r\u00e9sidant \u00e0 <strong>Barcelone<\/strong>, engag\u00e9s \u00e0 vous offrir les meilleures recommandations et des conseils pratiques pour d\u00e9couvrir et profiter de la capitale catalane dans toute sa splendeur.<\/p>\n<p>[\/vc_column_text][vc_video link=&#8221;https:\/\/www.youtube.com\/watch?v=t12ghty0o9M&#8221; css=&#8221;&#8221;][\/vc_column_inner][\/vc_row_inner][vc_single_image image=&#8221;3525&#8243; img_size=&#8221;full&#8221; alignment=&#8221;center&#8221; css=&#8221;.vc_custom_1723802531102{padding-top: 30px !important;}&#8221;][vc_row_inner][vc_column_inner width=&#8221;1\/2&#8243;][vc_single_image image=&#8221;3509&#8243; img_size=&#8221;full&#8221; alignment=&#8221;center&#8221; css=&#8221;&#8221;][\/vc_column_inner][vc_column_inner width=&#8221;1\/2&#8243;][vc_single_image image=&#8221;3501&#8243; img_size=&#8221;full&#8221; alignment=&#8221;center&#8221; css=&#8221;&#8221;][\/vc_column_inner][\/vc_row_inner][vc_single_image image=&#8221;3517&#8243; img_size=&#8221;full&#8221; alignment=&#8221;center&#8221; css=&#8221;&#8221;][\/vc_column][vc_column width=&#8221;1\/3&#8243;][vc_widget_sidebar sidebar_id=&#8221;sidebar-1&#8243; el_class=&#8221;sidebar-content&#8221;][\/vc_column][\/vc_row]<\/p>\n<\/div>","protected":false},"excerpt":{"rendered":"<p>[vc_row][vc_column][vc_column_text css=&#8221;.vc_custom_1730879288616{padding-right: 0px !important;padding-bottom: 20px !important;padding-left: 0px !important;}&#8221;] \u00c0 propos de nous [\/vc_column_text][\/vc_column][\/vc_row][vc_row css=&#8221;.vc_custom_1726741690741{margin-bottom: 0px !important;padding-top: 20px !important;}&#8221;][vc_column width=&#8221;2\/3&#8243; el_class=&#8221;rodberg-box-shadow&#8221;][vc_single_image image=&#8221;3491&#8243; img_size=&#8221;full&#8221; alignment=&#8221;center&#8221; css=&#8221;&#8221;][vc_row_inner css=&#8221;.vc_custom_1539001691117{margin-top: 0px !important;margin-right: 0px !important;margin-bottom: 0px !important;margin-left: 0px !important;padding-top: 0px !important;padding-right: 0px !important;padding-bottom: 0px !important;padding-left: 0px !important;background-color: #ffffff !important;}&#8221;][vc_column_inner css=&#8221;.vc_custom_1539001696797{margin-top: 0px !important;margin-right: 0px !important;margin-bottom: 0px !important;margin-left: 0px !important;border-top-width: 0px !important;border-right-width: 0px [&hellip;]<\/p>\n","protected":false},"author":1,"featured_media":0,"parent":0,"menu_order":0,"comment_status":"closed","ping_status":"closed","template":"","meta":{"om_disable_all_campaigns":false,"_monsterinsights_skip_tracking":false,"_monsterinsights_sitenote_active":false,"_monsterinsights_sitenote_note":"","_monsterinsights_sitenote_category":0,"footnotes":""},"class_list":["post-4001","page","type-page","status-publish","hentry"],"aioseo_notices":[],"_links":{"self":[{"href":"https:\/\/blog.apartmentbarcelona.com\/fr\/wp-json\/wp\/v2\/pages\/4001","targetHints":{"allow":["GET"]}}],"collection":[{"href":"https:\/\/blog.apartmentbarcelona.com\/fr\/wp-json\/wp\/v2\/pages"}],"about":[{"href":"https:\/\/blog.apartmentbarcelona.com\/fr\/wp-json\/wp\/v2\/types\/page"}],"author":[{"embeddable":true,"href":"https:\/\/blog.apartmentbarcelona.com\/fr\/wp-json\/wp\/v2\/users\/1"}],"replies":[{"embeddable":true,"href":"https:\/\/blog.apartmentbarcelona.com\/fr\/wp-json\/wp\/v2\/comments?post=4001"}],"version-history":[{"count":2,"href":"https:\/\/blog.apartmentbarcelona.com\/fr\/wp-json\/wp\/v2\/pages\/4001\/revisions"}],"predecessor-version":[{"id":66501,"href":"https:\/\/blog.apartmentbarcelona.com\/fr\/wp-json\/wp\/v2\/pages\/4001\/revisions\/66501"}],"wp:attachment":[{"href":"https:\/\/blog.apartmentbarcelona.com\/fr\/wp-json\/wp\/v2\/media?parent=4001"}],"curies":[{"name":"wp","href":"https:\/\/api.w.org\/{rel}","templated":true}]}}