{"id":3429,"date":"2024-08-06T11:22:12","date_gmt":"2024-08-06T09:22:12","guid":{"rendered":"https:\/\/blog.apartmentbarcelona.com\/barcelona-apartments\/"},"modified":"2025-09-02T12:58:15","modified_gmt":"2025-09-02T10:58:15","slug":"apartamentos-en-barcelona","status":"publish","type":"page","link":"https:\/\/blog.apartmentbarcelona.com\/es\/apartamentos-en-barcelona\/","title":{"rendered":"Apartamentos en Barcelona"},"content":{"rendered":"<div class=\"wpb-content-wrapper\"><p>[vc_row][vc_column][vc_column_text css=&#8221;.vc_custom_1730880097211{padding-bottom: 20px !important;}&#8221;]<\/p>\n<h1><strong>Apartamentos en Barcelona<\/strong><\/h1>\n<p>[\/vc_column_text][\/vc_column][\/vc_row][vc_row css=&#8221;.vc_custom_1536760703673{margin-bottom: 0px !important;}&#8221;][vc_column width=&#8221;2\/3&#8243; el_class=&#8221;rodberg-box-shadow&#8221;][vc_single_image image=&#8221;3645&#8243; img_size=&#8221;full&#8221; alignment=&#8221;center&#8221; css=&#8221;&#8221;][vc_column_text css=&#8221;&#8221;]<\/p>\n<p style=\"text-align: justify;\">Ya sea que viajes para desconectar durante un fin de semana, disfrutar de unas vacaciones en la playa o por motivos de trabajo, elegir el alojamiento perfecto es esencial para aprovechar al m\u00e1ximo tu estancia. Cada vez m\u00e1s personas optan por <strong>alquilar un apartamento en Barcelona<\/strong> en lugar de hospedarse en un hotel, especialmente aquellos que buscan sentirse como en casa, con mayor privacidad, comodidad y libertad.<\/p>\n<p style=\"text-align: justify;\">Con m\u00e1s de 20 a\u00f1os de experiencia en el sector del <strong>alojamiento tur\u00edstico y de temporada<\/strong>, y una oferta de m\u00e1s de <strong>500 apartamentos en alquiler<\/strong>, totalmente equipados, en AB Apartment Barcelona te ofrecemos las mejores opciones de alojamiento en las zonas m\u00e1s destacadas de la ciudad. Desde el vibrante centro de Barcelona hasta barrios con encanto como Gr\u00e0cia, Eixample, El Born, Sant Antoni, Poble Sec, Poblenou o la Barceloneta, encontrar\u00e1s la ubicaci\u00f3n ideal para tu estancia. Alojarte con nosotros te permitir\u00e1 estar <strong>cerca de los principales puntos tur\u00edsticos de Barcelona<\/strong>, con excelentes conexiones de transporte p\u00fablico.<\/p>\n<p style=\"text-align: justify;\">Adem\u00e1s, disponemos de una <strong>oficina c\u00e9ntrica abierta los 365 d\u00edas del a\u00f1o<\/strong> y ofrecemos <strong>asistencia telef\u00f3nica las 24 horas<\/strong> para cualquier necesidad que pueda surgir. Nuestro equipo estar\u00e1 <strong>a tu disposici\u00f3n en todo momento<\/strong>, acompa\u00f1\u00e1ndote durante todo el proceso, ya sea antes, durante o despu\u00e9s de tu estancia. Nuestro objetivo es brindarte un cuidado constante y hacer que te sientas como en casa en Barcelona, incluso estando lejos de tu hogar.<\/p>\n<p>[\/vc_column_text][vc_column_text css=&#8221;.vc_custom_1730880132662{padding-bottom: 15px !important;}&#8221;]<\/p>\n<h3><strong>Alojamientos con todas las comodidades <\/strong><\/h3>\n<p>[\/vc_column_text][vc_row_inner][vc_column_inner][vc_single_image image=&#8221;3653&#8243; img_size=&#8221;full&#8221; alignment=&#8221;center&#8221; css=&#8221;&#8221;][\/vc_column_inner][\/vc_row_inner][vc_row_inner css=&#8221;.vc_custom_1539001691117{margin-top: 0px !important;margin-right: 0px !important;margin-bottom: 0px !important;margin-left: 0px !important;padding-top: 0px !important;padding-right: 0px !important;padding-bottom: 0px !important;padding-left: 0px !important;background-color: #ffffff !important;}&#8221;][vc_column_inner css=&#8221;.vc_custom_1539001696797{margin-top: 0px !important;margin-right: 0px !important;margin-bottom: 0px !important;margin-left: 0px !important;border-top-width: 0px !important;border-right-width: 0px !important;border-bottom-width: 0px !important;border-left-width: 0px !important;padding-top: 0px !important;padding-right: 0px !important;padding-bottom: 0px !important;padding-left: 0px !important;}&#8221;][vc_column_text css=&#8221;.vc_custom_1730880145278{padding-top: 0px !important;padding-right: 0px !important;padding-bottom: 20px !important;padding-left: 0px !important;}&#8221;]<\/p>\n<p style=\"text-align: justify;\">Todos nuestros apartamentos en Barcelona est\u00e1n <strong>completamente equipados y amueblados<\/strong> para garantizar que tu estancia sea lo m\u00e1s placentera posible. Cada alojamiento cuenta con todas las comodidades necesarias: conexi\u00f3n a Internet gratuita, aire acondicionado y calefacci\u00f3n, as\u00ed como art\u00edculos esenciales para el ba\u00f1o, la cocina y la limpieza. Nuestro equipo de mantenimiento y limpieza trabaja de manera continua para asegurar que todos <strong>nuestros apartamentos cumplan con los m\u00e1s altos est\u00e1ndares de calidad.<\/strong><\/p>\n<p>[\/vc_column_text][vc_column_text css=&#8221;.vc_custom_1730880167423{padding-bottom: 15px !important;}&#8221;]<\/p>\n<h3><b>Servicios digitales avanzados <\/b><\/h3>\n<p style=\"text-align: justify;\">En <strong>AB Apartment Barcelona<\/strong>, nos comprometemos a ofrecer una experiencia \u00fanica a nuestros clientes. Por ello, hemos implementado el <strong>check-in online<\/strong>, una manera f\u00e1cil y r\u00e1pida de registrarte en tu apartamento antes de tu llegada a Barcelona.<\/p>\n<p style=\"text-align: justify;\">Adem\u00e1s, la mayor\u00eda de nuestros apartamentos en Barcelona est\u00e1n equipados con cerraduras inteligentes, lo que te permite acceder al alojamiento de manera aut\u00f3noma utilizando <strong>llaves digitales<\/strong> directamente en tu smartphone.<\/p>\n<p style=\"text-align: justify;\">Tambi\u00e9n tendr\u00e1s acceso a tu <strong>\u00e1rea de cliente<\/strong>, donde podr\u00e1s gestionar tus reservas, acceder a servicios, actividades, descuentos, recomendaciones sobre Barcelona y mucho m\u00e1s.<\/p>\n<p>[\/vc_column_text][vc_column_text css=&#8221;.vc_custom_1734082037021{padding-bottom: 15px !important;}&#8221;]<\/p>\n<h3 style=\"text-align: justify;\"><b>Precios m\u00e1s econ\u00f3micos y descuentos exclusivos<\/b><\/h3>\n<p style=\"text-align: justify;\"><strong>Nuestros precios son m\u00e1s competitivos<\/strong> en comparaci\u00f3n con otras plataformas de reserva como Airbnb o Booking.com, lo que te permite disfrutar de Barcelona sin preocuparte por el presupuesto. \u00a1<strong>Te garantizamos el mejor precio<\/strong>!<\/p>\n<p style=\"text-align: justify;\">Adem\u00e1s, al reservar con AB, <strong>ganar\u00e1s 1 punto por cada euro gastado<\/strong>, que podr\u00e1s canjear por descuentos en futuras estancias. Valoramos profundamente tu lealtad, y esta es nuestra manera de recompensarte. \u00a1Descubre m\u00e1s informaci\u00f3n y las condiciones de nuestro <a href=\"https:\/\/www.apartmentbarcelona.com\/es\/programa-fidelizacion\"><span style=\"color: #ff6600;\">Programa de Fidelizaci\u00f3n My AB Rewards<\/span><\/a>!<\/p>\n<p>[\/vc_column_text][vc_column_text css=&#8221;.vc_custom_1730880203749{padding-bottom: 15px !important;}&#8221;]<\/p>\n<h3><strong>Vive Barcelona como un local<\/strong><\/h3>\n<p>[\/vc_column_text][vc_single_image image=&#8221;3661&#8243; img_size=&#8221;full&#8221; alignment=&#8221;center&#8221; css=&#8221;&#8221;][vc_column_text css=&#8221;.vc_custom_1734082081980{padding-bottom: 15px !important;}&#8221;]<\/p>\n<p style=\"text-align: justify;\">\u00bfQu\u00e9 hace que <strong>Barcelona<\/strong> sea tan especial? Como residentes de esta incre\u00edble ciudad, estamos aqu\u00ed para compartir contigo los mejores <strong>consejos locales<\/strong> que te ayudar\u00e1n a descubrir todo su encanto y belleza durante tu estancia. Desde recomendaciones sobre los mejores lugares para disfrutar de la deliciosa <a href=\"https:\/\/blog.apartmentbarcelona.com\/es\/2024\/05\/07\/11-platos-tradicionales-catalanes\/\"><span style=\"color: #ff6600;\">gastronom\u00eda catalana<\/span><\/a>, hasta sugerencias de <a href=\"https:\/\/blog.apartmentbarcelona.com\/es\/2024\/04\/09\/joyas-ocultas-barcelona\/\"><span style=\"color: #ff6600;\">atracciones menos tur\u00edsticas<\/span><\/a>, pero igualmente fascinantes, nuestras recomendaciones te permitir\u00e1n sumergirte en la <strong>cultura, historia y vida de Barcelona<\/strong> de una forma aut\u00e9ntica y \u00fanica, haci\u00e9ndote sentir como un local m\u00e1s.<\/p>\n<p style=\"text-align: justify;\">Adem\u00e1s, al <strong>reservar un apartamento en Barcelona<\/strong> con nosotros, obtendr\u00e1s acceso exclusivo a <strong>entradas y descuentos<\/strong> para que disfrutes al m\u00e1ximo de todo lo que la ciudad tiene para ofrecer. Desde entradas a la <strong>Sagrada Familia<\/strong> y la <strong>Casa Batll\u00f3<\/strong>, hasta experiencias y <strong>tours privados<\/strong> para compartir con tus seres queridos, \u00a1te garantizamos momentos inolvidables!<\/p>\n<p>[\/vc_column_text][vc_column_text css=&#8221;.vc_custom_1730880246270{padding-bottom: 15px !important;}&#8221;]<\/p>\n<h3><strong>Alojamientos sostenibles y solidarios <\/strong><\/h3>\n<p style=\"text-align: justify;\">Para nosotros, vivir en Barcelona es un aut\u00e9ntico privilegio. Por eso, tanto como empresa como ciudadanos, asumimos la responsabilidad de <strong>conservar, proteger y cuidar<\/strong> esta maravillosa ciudad.<\/p>\n<p style=\"text-align: justify;\">En AB Apartment Barcelona, nos esforzamos diariamente para <strong>mejorar el entorno<\/strong> en el que operamos. Este compromiso se refleja en todas nuestras actividades, con el objetivo de <strong>minimizar al m\u00e1ximo el impacto medioambiental<\/strong> de nuestras acciones.<\/p>\n<p>[\/vc_column_text][vc_single_image image=&#8221;3669&#8243; img_size=&#8221;full&#8221; alignment=&#8221;center&#8221; css=&#8221;&#8221;][vc_column_text css=&#8221;.vc_custom_1734082108799{padding-bottom: 15px !important;}&#8221;]<\/p>\n<p style=\"text-align: justify;\">Como parte de nuestro compromiso, utilizamos <strong>embalajes sostenibles<\/strong> para los packs de bienvenida en nuestros apartamentos, los cuales incluyen art\u00edculos de cortes\u00eda fabricados por <strong>proveedores locales<\/strong>. Adem\u00e1s, fomentamos en nuestros hu\u00e9spedes el <a href=\"https:\/\/blog.apartmentbarcelona.com\/es\/2024\/02\/27\/sequia-barcelona\/\"><strong><span style=\"color: #ff6600;\">uso responsable del agua<\/span><\/strong><\/a>, y priorizamos la eficiencia energ\u00e9tica en nuestros alojamientos, empleando equipos de aire acondicionado y calefacci\u00f3n eficientes, iluminaci\u00f3n de bajo consumo y sensores.<\/p>\n<p style=\"text-align: justify;\">Tambi\u00e9n nos esforzamos por fomentar la <strong>buena convivencia entre vecinos y hu\u00e9spedes<\/strong>, asegur\u00e1ndonos de que nuestros clientes conozcan la <strong>cultura <\/strong>y las <strong>costumbres locales<\/strong> de la ciudad, as\u00ed como los servicios y recursos culturales y naturales que ofrece Barcelona. Toda esta informaci\u00f3n la proporcionamos en <strong>formato digital<\/strong>, evitando el uso de papel para nuestras comunicaciones.<\/p>\n<p style=\"text-align: justify;\">Al reservar un apartamento con nosotros, no solo disfrutas de las mejores ofertas y servicios de alta calidad, sino que tambi\u00e9n contribuyes a un <strong>turismo m\u00e1s responsable<\/strong> y respetuoso con el medio ambiente. Como parte de nuestro compromiso con la protecci\u00f3n del entorno de Barcelona, contamos con varias certificaciones que avalan nuestra labor: la <strong>Certificaci\u00f3n Safe Travels<\/strong><strong>, Certificado I-Prac, Macrosello We Respect<\/strong> y <strong>Certificado Barcelona Biosphere<\/strong>. \u00a1Elige una estancia consciente y sostenible!<\/p>\n<p style=\"text-align: justify;\">Adem\u00e1s, gracias a tu reserva, podemos colaborar con diversas organizaciones sin \u00e1nimo de lucro para <strong>ayudar a personas vulnerables<\/strong> en situaci\u00f3n de riesgo. Apoyamos a ONGs como <strong>ACNUR, Save the Children y la Fundaci\u00f3 Pasqual Maragall<\/strong>, entre otras.<\/p>\n<p style=\"text-align: justify;\">En AB Apartment Barcelona, combinamos <strong>comodidad, profesionalidad, cercan\u00eda, sostenibilidad<\/strong> y un profundo amor por nuestra ciudad para ofrecerte una <strong>estancia perfecta<\/strong>. \u00a1Descubre Barcelona con nosotros y crea recuerdos inolvidables con AB Apartment Barcelona!<\/p>\n<p>[\/vc_column_text][\/vc_column_inner][\/vc_row_inner][\/vc_column][vc_column width=&#8221;1\/3&#8243;][vc_widget_sidebar sidebar_id=&#8221;sidebar-1&#8243; el_class=&#8221;sidebar-content&#8221;][\/vc_column][\/vc_row]<\/p>\n<\/div>","protected":false},"excerpt":{"rendered":"<p>[vc_row][vc_column][vc_column_text css=&#8221;.vc_custom_1730880097211{padding-bottom: 20px !important;}&#8221;] Apartamentos en Barcelona [\/vc_column_text][\/vc_column][\/vc_row][vc_row css=&#8221;.vc_custom_1536760703673{margin-bottom: 0px !important;}&#8221;][vc_column width=&#8221;2\/3&#8243; el_class=&#8221;rodberg-box-shadow&#8221;][vc_single_image image=&#8221;3645&#8243; img_size=&#8221;full&#8221; alignment=&#8221;center&#8221; css=&#8221;&#8221;][vc_column_text css=&#8221;&#8221;] Ya sea que viajes para desconectar durante un fin de semana, disfrutar de unas vacaciones en la playa o por motivos de trabajo, elegir el alojamiento perfecto es esencial para aprovechar al m\u00e1ximo tu estancia. Cada vez [&hellip;]<\/p>\n","protected":false},"author":1,"featured_media":0,"parent":0,"menu_order":0,"comment_status":"closed","ping_status":"closed","template":"","meta":{"om_disable_all_campaigns":false,"_monsterinsights_skip_tracking":false,"_monsterinsights_sitenote_active":false,"_monsterinsights_sitenote_note":"","_monsterinsights_sitenote_category":0,"footnotes":""},"class_list":["post-3429","page","type-page","status-publish","hentry"],"aioseo_notices":[],"_links":{"self":[{"href":"https:\/\/blog.apartmentbarcelona.com\/es\/wp-json\/wp\/v2\/pages\/3429","targetHints":{"allow":["GET"]}}],"collection":[{"href":"https:\/\/blog.apartmentbarcelona.com\/es\/wp-json\/wp\/v2\/pages"}],"about":[{"href":"https:\/\/blog.apartmentbarcelona.com\/es\/wp-json\/wp\/v2\/types\/page"}],"author":[{"embeddable":true,"href":"https:\/\/blog.apartmentbarcelona.com\/es\/wp-json\/wp\/v2\/users\/1"}],"replies":[{"embeddable":true,"href":"https:\/\/blog.apartmentbarcelona.com\/es\/wp-json\/wp\/v2\/comments?post=3429"}],"version-history":[{"count":10,"href":"https:\/\/blog.apartmentbarcelona.com\/es\/wp-json\/wp\/v2\/pages\/3429\/revisions"}],"predecessor-version":[{"id":66506,"href":"https:\/\/blog.apartmentbarcelona.com\/es\/wp-json\/wp\/v2\/pages\/3429\/revisions\/66506"}],"wp:attachment":[{"href":"https:\/\/blog.apartmentbarcelona.com\/es\/wp-json\/wp\/v2\/media?parent=3429"}],"curies":[{"name":"wp","href":"https:\/\/api.w.org\/{rel}","templated":true}]}}