{"id":4035,"date":"2024-08-06T11:22:12","date_gmt":"2024-08-06T09:22:12","guid":{"rendered":"https:\/\/blog.apartmentbarcelona.com\/apartamentos-en-barcelona\/"},"modified":"2025-09-02T12:54:45","modified_gmt":"2025-09-02T10:54:45","slug":"apartments-in-barcelona","status":"publish","type":"page","link":"https:\/\/blog.apartmentbarcelona.com\/de\/apartments-in-barcelona\/","title":{"rendered":"Apartments in Barcelona"},"content":{"rendered":"<div class=\"wpb-content-wrapper\"><p>[vc_row][vc_column][vc_column_text css=&#8221;.vc_custom_1730882669047{padding-bottom: 20px !important;}&#8221;]<\/p>\n<h1><strong>Apartments in Barcelona<\/strong><\/h1>\n<p>[\/vc_column_text][\/vc_column][\/vc_row][vc_row css=&#8221;.vc_custom_1536760703673{margin-bottom: 0px !important;}&#8221;][vc_column width=&#8221;2\/3&#8243; el_class=&#8221;rodberg-box-shadow&#8221;][vc_single_image image=&#8221;3645&#8243; img_size=&#8221;full&#8221; alignment=&#8221;center&#8221; css=&#8221;&#8221;][vc_column_text css=&#8221;&#8221;]<\/p>\n<p style=\"text-align: justify;\">Egal, ob Sie ein Wochenende zur Erholung, einen Strandurlaub oder eine Gesch\u00e4ftsreise planen \u2013 die Wahl der richtigen Unterkunft ist entscheidend, um Ihren Aufenthalt optimal zu gestalten. Immer mehr Menschen entscheiden sich f\u00fcr die <strong>Anmietung einer Ferienwohnung in Barcelona<\/strong> statt eines Hotels, insbesondere diejenigen, die sich wie zu Hause f\u00fchlen und mehr Privatsph\u00e4re, Komfort und Freiheit genie\u00dfen m\u00f6chten.<\/p>\n<p style=\"text-align: justify;\">Mit \u00fcber 20 Jahren Erfahrung im Bereich <strong>der Ferienvermietung und monatlichen Mietunterk\u00fcnften<\/strong> und einem Portfolio von mehr als <strong>500 voll ausgestatteten<\/strong> <strong>Apartments<\/strong> bietet Ihnen AB Apartment Barcelona die besten Unterkunftsm\u00f6glichkeiten in den angesagtesten Vierteln der Stadt. Vom lebhaften Zentrum Barcelonas bis zu charmanten Vierteln wie Gr\u00e0cia, Eixample, El Born, Sant Antoni, Poble Sec, Poblenou oder Barceloneta finden Sie bei uns den perfekten Standort f\u00fcr Ihren Aufenthalt. Mit uns wohnen Sie in der <strong>N\u00e4he der wichtigsten Sehensw\u00fcrdigkeiten Barcelonas<\/strong> und profitieren von hervorragenden \u00f6ffentlichen Verkehrsanbindungen.<\/p>\n<p style=\"text-align: justify;\">Wir verf\u00fcgen au\u00dferdem \u00fcber ein <strong>zentrales B\u00fcro, das 365 Tage im Jahr<\/strong> ge\u00f6ffnet ist, und bieten <strong>einen 24-Stunden-Telefonservice<\/strong> f\u00fcr alle Ihre Anliegen. Unser Team steht <strong>Ihnen jederzeit zur Verf\u00fcgung<\/strong>, vor, w\u00e4hrend und nach Ihrem Aufenthalt. Unser Ziel ist es, Ihnen eine kontinuierliche Betreuung zu bieten und daf\u00fcr zu sorgen, dass Sie sich in Barcelona wie zu Hause f\u00fchlen \u2013 auch wenn Sie weit von Ihrem Zuhause entfernt sind.<\/p>\n<p>[\/vc_column_text][vc_column_text css=&#8221;.vc_custom_1730882746909{padding-bottom: 15px !important;}&#8221;]<\/p>\n<h3><strong>Unterk\u00fcnfte mit allem Komfort<\/strong><\/h3>\n<p>[\/vc_column_text][vc_row_inner][vc_column_inner][vc_single_image image=&#8221;3653&#8243; img_size=&#8221;full&#8221; alignment=&#8221;center&#8221; css=&#8221;&#8221;][\/vc_column_inner][\/vc_row_inner][vc_row_inner css=&#8221;.vc_custom_1539001691117{margin-top: 0px !important;margin-right: 0px !important;margin-bottom: 0px !important;margin-left: 0px !important;padding-top: 0px !important;padding-right: 0px !important;padding-bottom: 0px !important;padding-left: 0px !important;background-color: #ffffff !important;}&#8221;][vc_column_inner css=&#8221;.vc_custom_1539001696797{margin-top: 0px !important;margin-right: 0px !important;margin-bottom: 0px !important;margin-left: 0px !important;border-top-width: 0px !important;border-right-width: 0px !important;border-bottom-width: 0px !important;border-left-width: 0px !important;padding-top: 0px !important;padding-right: 0px !important;padding-bottom: 0px !important;padding-left: 0px !important;}&#8221;][vc_column_text css=&#8221;.vc_custom_1730882756237{padding-top: 0px !important;padding-right: 0px !important;padding-bottom: 20px !important;padding-left: 0px !important;}&#8221;]<\/p>\n<p style=\"text-align: justify;\">Alle unsere Apartments in Barcelona sind <strong>komplett ausgestattet und m\u00f6bliert<\/strong>, um sicherzustellen, dass Ihr Aufenthalt so angenehm wie m\u00f6glich ist. Jede Unterkunft verf\u00fcgt \u00fcber alle notwendigen Annehmlichkeiten: kostenloses WLAN, Klimaanlage und Heizung sowie die wichtigsten Bad-, K\u00fcchen- und Reinigungsutensilien. Unser Wartungs- und Reinigungsteam arbeitet kontinuierlich daran, dass all <strong>unsere Apartments den h\u00f6chsten Qualit\u00e4tsstandards entsprechen<\/strong>.<\/p>\n<p>[\/vc_column_text][vc_column_text css=&#8221;.vc_custom_1730882782501{padding-bottom: 15px !important;}&#8221;]<\/p>\n<h3><strong>Fortschrittliche digitale Services<\/strong><\/h3>\n<p style=\"text-align: justify;\">Bei <strong>AB Apartment Barcelona<\/strong> sind wir bestrebt, unseren G\u00e4sten ein einzigartiges Erlebnis zu bieten. Aus diesem Grund haben wir den <strong>Online-Check-in <\/strong>eingef\u00fchrt, eine einfache und schnelle M\u00f6glichkeit, sich vor Ihrer Ankunft in Barcelona in Ihrem Apartment anzumelden.<\/p>\n<p style=\"text-align: justify;\">Dar\u00fcber hinaus sind die meisten unserer Apartments in Barcelona mit Smartlocks ausgestattet, sodass Sie Ihr Apartment autonom betreten k\u00f6nnen, indem Sie <strong>digitale Schl\u00fcssel<\/strong> direkt \u00fcber Ihr Smartphone verwenden.<\/p>\n<p style=\"text-align: justify;\">Sie haben au\u00dferdem Zugriff auf Ihren <strong>Kundenbereich<\/strong>, in dem Sie Ihre Buchungen verwalten, auf Services, Aktivit\u00e4ten, Rabatte und Empfehlungen f\u00fcr Barcelona zugreifen und vieles mehr tun k\u00f6nnen.<\/p>\n<p>[\/vc_column_text][vc_column_text css=&#8221;.vc_custom_1734082655078{padding-bottom: 15px !important;}&#8221;]<\/p>\n<h3><strong>G\u00fcnstigere Preise und exklusive Rabatte<\/strong><\/h3>\n<p style=\"text-align: justify;\"><strong>Unsere Preise sind im Vergleich<\/strong> zu anderen Buchungsplattformen wie Airbnb oder Booking.com wettbewerbsf\u00e4higer, sodass Sie Barcelona genie\u00dfen k\u00f6nnen, ohne sich um das Budget sorgen zu m\u00fcssen. <strong>Wir garantieren Ihnen den besten Preis<\/strong>!<\/p>\n<p style=\"text-align: justify;\">Au\u00dferdem sammeln Sie, wenn Sie bei AB Apartment Barcelona buchen, <strong>1 Punkt f\u00fcr jeden ausgegebenen Euro<\/strong>, den Sie bei zuk\u00fcnftigen Aufenthalten gegen Rabatte einl\u00f6sen k\u00f6nnen. Wir sch\u00e4tzen Ihre Treue sehr, und dies ist unsere Art, Ihnen zu danken. Erfahren Sie mehr \u00fcber die Einzelheiten und Bedingungen unseres <a href=\"https:\/\/www.apartmentbarcelona.com\/de\/loyalty-program\"><span style=\"color: #ff6600;\">My AB Rewards Belohnungsprogramms<\/span><\/a>!<\/p>\n<p>[\/vc_column_text][vc_column_text css=&#8221;.vc_custom_1730882816671{padding-bottom: 15px !important;}&#8221;]<\/p>\n<h3><strong>Erleben Sie Barcelona wie ein Einheimischer<\/strong><\/h3>\n<p>[\/vc_column_text][vc_single_image image=&#8221;3661&#8243; img_size=&#8221;full&#8221; alignment=&#8221;center&#8221; css=&#8221;&#8221;][vc_column_text css=&#8221;.vc_custom_1734082691591{padding-bottom: 15px !important;}&#8221;]<\/p>\n<p style=\"text-align: justify;\">Was macht <strong>Barcelona<\/strong> so besonders? Als Bewohner dieser wunderbaren Stadt teilen wir gerne die besten <strong>lokalen Tipps<\/strong> mit Ihnen, um Ihnen zu helfen, den Charme und die Sch\u00f6nheit Barcelonas w\u00e4hrend Ihres Aufenthalts zu entdecken. Von Empfehlungen f\u00fcr die besten Orte, um die k\u00f6stliche <a href=\"https:\/\/blog.apartmentbarcelona.com\/de\/2024\/05\/07\/katalanische-gerichte\/\"><span style=\"color: #ff6600;\">katalanische K\u00fcche<\/span><\/a> zu genie\u00dfen, bis hin zu Vorschl\u00e4gen f\u00fcr <a href=\"https:\/\/blog.apartmentbarcelona.com\/de\/2024\/04\/09\/bestgehueteten-geheimtipps\/\"><span style=\"color: #ff6600;\">weniger touristische<\/span><\/a>, aber ebenso faszinierende Sehensw\u00fcrdigkeiten \u2013 unsere Tipps erm\u00f6glichen es Ihnen, in die <strong>Kultur, Geschichte und das Leben Barcelonas<\/strong> auf eine authentische und einzigartige Weise einzutauchen und sich wie ein Einheimischer zu f\u00fchlen.<\/p>\n<p style=\"text-align: justify;\">Dar\u00fcber hinaus erhalten Sie bei der <strong>Buchung einer Ferienwohnung in Barcelona<\/strong> \u00fcber uns exklusiven Zugang zu <strong>Tickets und Rabatten<\/strong>, damit Sie alles, was die Stadt zu bieten hat, in vollen Z\u00fcgen genie\u00dfen k\u00f6nnen. Von Eintrittskarten f\u00fcr die <strong>Sagrada Familia<\/strong> und <strong>Casa Batll\u00f3<\/strong> bis hin zu <strong>privaten Erlebnissen und Touren<\/strong>, die Sie mit Ihren Lieben teilen k\u00f6nnen \u2013 wir garantieren Ihnen unvergessliche Momente!<\/p>\n<p>[\/vc_column_text][vc_column_text css=&#8221;.vc_custom_1730882851689{padding-bottom: 15px !important;}&#8221;]<\/p>\n<h3><strong>Nachhaltige und verantwortungsvolle Unterk\u00fcnfte<\/strong><\/h3>\n<p style=\"text-align: justify;\">F\u00fcr uns ist es ein echtes Privileg, in Barcelona zu leben. Deshalb \u00fcbernehmen wir als Unternehmen und als B\u00fcrger die Verantwortung, diese wunderbare Stadt zu <strong>erhalten und zu sch\u00fctzen<\/strong>.<\/p>\n<p style=\"text-align: justify;\">Bei AB Apartment Barcelona setzen wir uns t\u00e4glich daf\u00fcr ein, das <strong>Umfeld, in dem wir arbeiten, zu verbessern<\/strong>. Dieses Engagement spiegelt sich in all unseren Aktivit\u00e4ten wider, mit dem Ziel, unsere <strong>Umweltauswirkungen so gering wie m\u00f6glich zu halten<\/strong>.<\/p>\n<p>[\/vc_column_text][vc_single_image image=&#8221;3669&#8243; img_size=&#8221;full&#8221; alignment=&#8221;center&#8221; css=&#8221;&#8221;][vc_column_text css=&#8221;.vc_custom_1734082715821{padding-bottom: 15px !important;}&#8221;]<\/p>\n<p style=\"text-align: justify;\">Im Rahmen unseres Engagements verwenden wir <strong>nachhaltige Verpackungen<\/strong> f\u00fcr die Willkommenspakete in unseren Apartments, die Artikel von <strong>lokalen Anbietern<\/strong> enthalten. Dar\u00fcber hinaus ermutigen wir unsere G\u00e4ste, <a href=\"https:\/\/blog.apartmentbarcelona.com\/de\/2024\/02\/27\/durre-barcelona\/\"><strong><span style=\"color: #ff6600;\">Wasser verantwortungsvoll zu nutzen<\/span><\/strong><\/a>, und legen Wert auf Energieeffizienz in unseren Unterk\u00fcnften, indem wir energieeffiziente Klimaanlagen und Heizsysteme, energiesparende Beleuchtung und Sensoren einsetzen.<\/p>\n<p style=\"text-align: justify;\">Wir setzen uns au\u00dferdem daf\u00fcr ein, ein <strong>gutes Miteinander zwischen Nachbarn und G\u00e4sten<\/strong> zu f\u00f6rdern, indem wir sicherstellen, dass unsere Kunden \u00fcber die <strong>lokale Kultur<\/strong> und die <strong>Br\u00e4uche<\/strong> der Stadt informiert sind sowie \u00fcber die kulturellen und nat\u00fcrlichen Ressourcen, die Barcelona zu bieten hat. All diese Informationen stellen wir in <strong>digitaler Form<\/strong> zur Verf\u00fcgung, um den Papierverbrauch in unserer Kommunikation zu vermeiden.<\/p>\n<p style=\"text-align: justify;\">Wenn Sie bei uns ein Apartment buchen, genie\u00dfen Sie nicht nur die besten Angebote und hochwertige Dienstleistungen, sondern tragen auch zu einem <strong>verantwortungsvolleren und umweltfreundlicheren Tourismus bei<\/strong>. Im Rahmen unseres Engagements f\u00fcr den Schutz der Umwelt in Barcelona verf\u00fcgen wir \u00fcber mehrere Zertifizierungen, die unser Engagement belegen: <strong>Safe Travels-Zertifizierung, I-Prac-Zertifizierung, We Respect-Makrosiegel<\/strong> und <strong>Barcelona Biosphere-Zertifikat<\/strong>. W\u00e4hlen Sie einen bewussten und nachhaltigen Aufenthalt!<\/p>\n<p style=\"text-align: justify;\">Dank Ihrer Buchung k\u00f6nnen wir au\u00dferdem mit verschiedenen gemeinn\u00fctzigen Organisationen zusammenarbeiten, um <strong>Menschen<\/strong> <strong>in Not zu helfen<\/strong>. Wir unterst\u00fctzen unter anderem Organisationen wie <strong>UNHCR, Save the Children und die Pasqual Maragall<\/strong> <strong>Stiftung<\/strong>.<\/p>\n<p style=\"text-align: justify;\">Bei AB Apartment Barcelona kombinieren wir <strong>Komfort, Professionalit\u00e4t, N\u00e4he, Nachhaltigkeit<\/strong> und eine tiefe Liebe zu unserer Stadt, um Ihnen den <strong>perfekten Aufenthalt<\/strong> zu bieten. Entdecken Sie Barcelona mit uns und schaffen Sie unvergessliche Erinnerungen mit AB Apartment Barcelona!<\/p>\n<p>[\/vc_column_text][\/vc_column_inner][\/vc_row_inner][\/vc_column][vc_column width=&#8221;1\/3&#8243;][vc_widget_sidebar sidebar_id=&#8221;sidebar-1&#8243; el_class=&#8221;sidebar-content&#8221;][\/vc_column][\/vc_row]<\/p>\n<\/div>","protected":false},"excerpt":{"rendered":"<p>[vc_row][vc_column][vc_column_text css=&#8221;.vc_custom_1730882669047{padding-bottom: 20px !important;}&#8221;] Apartments in Barcelona [\/vc_column_text][\/vc_column][\/vc_row][vc_row css=&#8221;.vc_custom_1536760703673{margin-bottom: 0px !important;}&#8221;][vc_column width=&#8221;2\/3&#8243; el_class=&#8221;rodberg-box-shadow&#8221;][vc_single_image image=&#8221;3645&#8243; img_size=&#8221;full&#8221; alignment=&#8221;center&#8221; css=&#8221;&#8221;][vc_column_text css=&#8221;&#8221;] Egal, ob Sie ein Wochenende zur Erholung, einen Strandurlaub oder eine Gesch\u00e4ftsreise planen \u2013 die Wahl der richtigen Unterkunft ist entscheidend, um Ihren Aufenthalt optimal zu gestalten. Immer mehr Menschen entscheiden sich f\u00fcr die Anmietung einer Ferienwohnung [&hellip;]<\/p>\n","protected":false},"author":1,"featured_media":0,"parent":0,"menu_order":0,"comment_status":"closed","ping_status":"closed","template":"","meta":{"om_disable_all_campaigns":false,"_monsterinsights_skip_tracking":false,"_monsterinsights_sitenote_active":false,"_monsterinsights_sitenote_note":"","_monsterinsights_sitenote_category":0,"footnotes":""},"class_list":["post-4035","page","type-page","status-publish","hentry"],"aioseo_notices":[],"_links":{"self":[{"href":"https:\/\/blog.apartmentbarcelona.com\/de\/wp-json\/wp\/v2\/pages\/4035","targetHints":{"allow":["GET"]}}],"collection":[{"href":"https:\/\/blog.apartmentbarcelona.com\/de\/wp-json\/wp\/v2\/pages"}],"about":[{"href":"https:\/\/blog.apartmentbarcelona.com\/de\/wp-json\/wp\/v2\/types\/page"}],"author":[{"embeddable":true,"href":"https:\/\/blog.apartmentbarcelona.com\/de\/wp-json\/wp\/v2\/users\/1"}],"replies":[{"embeddable":true,"href":"https:\/\/blog.apartmentbarcelona.com\/de\/wp-json\/wp\/v2\/comments?post=4035"}],"version-history":[{"count":4,"href":"https:\/\/blog.apartmentbarcelona.com\/de\/wp-json\/wp\/v2\/pages\/4035\/revisions"}],"predecessor-version":[{"id":66516,"href":"https:\/\/blog.apartmentbarcelona.com\/de\/wp-json\/wp\/v2\/pages\/4035\/revisions\/66516"}],"wp:attachment":[{"href":"https:\/\/blog.apartmentbarcelona.com\/de\/wp-json\/wp\/v2\/media?parent=4035"}],"curies":[{"name":"wp","href":"https:\/\/api.w.org\/{rel}","templated":true}]}}