{"id":4033,"date":"2024-08-05T12:14:26","date_gmt":"2024-08-05T10:14:26","guid":{"rendered":"https:\/\/blog.apartmentbarcelona.com\/sobre-nosotros\/"},"modified":"2025-09-02T12:45:54","modified_gmt":"2025-09-02T10:45:54","slug":"ueber-uns","status":"publish","type":"page","link":"https:\/\/blog.apartmentbarcelona.com\/de\/ueber-uns\/","title":{"rendered":"\u00dcber uns"},"content":{"rendered":"<div class=\"wpb-content-wrapper\"><p>[vc_row][vc_column][vc_column_text css=&#8221;.vc_custom_1730882583284{padding-right: 0px !important;padding-bottom: 20px !important;padding-left: 0px !important;}&#8221;]<\/p>\n<h1><strong>\u00dcber uns<\/strong><\/h1>\n<p>[\/vc_column_text][\/vc_column][\/vc_row][vc_row css=&#8221;.vc_custom_1726741690741{margin-bottom: 0px !important;padding-top: 20px !important;}&#8221;][vc_column width=&#8221;2\/3&#8243; el_class=&#8221;rodberg-box-shadow&#8221;][vc_single_image image=&#8221;3491&#8243; img_size=&#8221;full&#8221; alignment=&#8221;center&#8221; css=&#8221;&#8221;][vc_row_inner css=&#8221;.vc_custom_1539001691117{margin-top: 0px !important;margin-right: 0px !important;margin-bottom: 0px !important;margin-left: 0px !important;padding-top: 0px !important;padding-right: 0px !important;padding-bottom: 0px !important;padding-left: 0px !important;background-color: #ffffff !important;}&#8221;][vc_column_inner css=&#8221;.vc_custom_1539001696797{margin-top: 0px !important;margin-right: 0px !important;margin-bottom: 0px !important;margin-left: 0px !important;border-top-width: 0px !important;border-right-width: 0px !important;border-bottom-width: 0px !important;border-left-width: 0px !important;padding-top: 0px !important;padding-right: 0px !important;padding-bottom: 0px !important;padding-left: 0px !important;}&#8221;][vc_column_text css=&#8221;.vc_custom_1734081867567{padding-top: 30px !important;padding-right: 0px !important;padding-bottom: 20px !important;padding-left: 0px !important;}&#8221;]<\/p>\n<p style=\"text-align: justify;\">Bei <a href=\"https:\/\/www.apartmentbarcelona.com\/de\"><span style=\"color: #ff6600;\">AB Apartment Barcelona<\/span><\/a> sind wir eine <strong>Agentur, die auf die Vermietung von Ferienwohnungen und monatlichen Mietunterk\u00fcnften in Barcelona<\/strong> spezialisiert ist und \u00fcber <strong>20 Jahre Erfahrung in der Immobilienbranche verf\u00fcgt<\/strong>.<\/p>\n<p style=\"text-align: justify;\">Wir bieten mehr als <strong>500 <\/strong><strong>Apartments<\/strong><strong> in Barcelona<\/strong> an, die f\u00fcr t\u00e4gliche, w\u00f6chentliche oder monatliche Aufenthalte verf\u00fcgbar sind. Von gem\u00fctlichen Studios bis hin zu ger\u00e4umigen Apartments f\u00fcr gr\u00f6\u00dfere Gruppen k\u00f6nnen unsere G\u00e4ste aus einer Vielzahl von Optionen w\u00e4hlen, die in der ganzen Stadt verteilt sind. Ob Sie alleine reisen, mit Freunden, Familie oder als Paar \u2013 bei uns finden Sie die <strong>ideale Unterkunft f\u00fcr Ihren Aufenthalt in Barcelona<\/strong>.<\/p>\n<p style=\"text-align: justify;\">Dieser <strong>Blog<\/strong> wird von einem Team aus <strong>lokalen und internationalen Experten<\/strong> verwaltet, die in <strong>Barcelona<\/strong> leben und sich der Aufgabe verschrieben haben, Ihnen die besten Empfehlungen und n\u00fctzliche Tipps zu geben, um die katalanische Hauptstadt in vollen Z\u00fcgen zu genie\u00dfen.<\/p>\n<p>[\/vc_column_text][vc_video link=&#8221;https:\/\/www.youtube.com\/watch?v=t12ghty0o9M&#8221; css=&#8221;&#8221;][\/vc_column_inner][\/vc_row_inner][vc_single_image image=&#8221;3525&#8243; img_size=&#8221;full&#8221; alignment=&#8221;center&#8221; css=&#8221;.vc_custom_1723802531102{padding-top: 30px !important;}&#8221;][vc_row_inner][vc_column_inner width=&#8221;1\/2&#8243;][vc_single_image image=&#8221;3509&#8243; img_size=&#8221;full&#8221; alignment=&#8221;center&#8221; css=&#8221;&#8221;][\/vc_column_inner][vc_column_inner width=&#8221;1\/2&#8243;][vc_single_image image=&#8221;3501&#8243; img_size=&#8221;full&#8221; alignment=&#8221;center&#8221; css=&#8221;&#8221;][\/vc_column_inner][\/vc_row_inner][vc_single_image image=&#8221;3517&#8243; img_size=&#8221;full&#8221; alignment=&#8221;center&#8221; css=&#8221;&#8221;][\/vc_column][vc_column width=&#8221;1\/3&#8243;][vc_widget_sidebar sidebar_id=&#8221;sidebar-1&#8243; el_class=&#8221;sidebar-content&#8221;][\/vc_column][\/vc_row]<\/p>\n<\/div>","protected":false},"excerpt":{"rendered":"<p>[vc_row][vc_column][vc_column_text css=&#8221;.vc_custom_1730882583284{padding-right: 0px !important;padding-bottom: 20px !important;padding-left: 0px !important;}&#8221;] \u00dcber uns [\/vc_column_text][\/vc_column][\/vc_row][vc_row css=&#8221;.vc_custom_1726741690741{margin-bottom: 0px !important;padding-top: 20px !important;}&#8221;][vc_column width=&#8221;2\/3&#8243; el_class=&#8221;rodberg-box-shadow&#8221;][vc_single_image image=&#8221;3491&#8243; img_size=&#8221;full&#8221; alignment=&#8221;center&#8221; css=&#8221;&#8221;][vc_row_inner css=&#8221;.vc_custom_1539001691117{margin-top: 0px !important;margin-right: 0px !important;margin-bottom: 0px !important;margin-left: 0px !important;padding-top: 0px !important;padding-right: 0px !important;padding-bottom: 0px !important;padding-left: 0px !important;background-color: #ffffff !important;}&#8221;][vc_column_inner css=&#8221;.vc_custom_1539001696797{margin-top: 0px !important;margin-right: 0px !important;margin-bottom: 0px !important;margin-left: 0px !important;border-top-width: 0px !important;border-right-width: 0px !important;border-bottom-width: 0px [&hellip;]<\/p>\n","protected":false},"author":1,"featured_media":0,"parent":0,"menu_order":0,"comment_status":"closed","ping_status":"closed","template":"","meta":{"om_disable_all_campaigns":false,"_monsterinsights_skip_tracking":false,"_monsterinsights_sitenote_active":false,"_monsterinsights_sitenote_note":"","_monsterinsights_sitenote_category":0,"footnotes":""},"class_list":["post-4033","page","type-page","status-publish","hentry"],"aioseo_notices":[],"_links":{"self":[{"href":"https:\/\/blog.apartmentbarcelona.com\/de\/wp-json\/wp\/v2\/pages\/4033","targetHints":{"allow":["GET"]}}],"collection":[{"href":"https:\/\/blog.apartmentbarcelona.com\/de\/wp-json\/wp\/v2\/pages"}],"about":[{"href":"https:\/\/blog.apartmentbarcelona.com\/de\/wp-json\/wp\/v2\/types\/page"}],"author":[{"embeddable":true,"href":"https:\/\/blog.apartmentbarcelona.com\/de\/wp-json\/wp\/v2\/users\/1"}],"replies":[{"embeddable":true,"href":"https:\/\/blog.apartmentbarcelona.com\/de\/wp-json\/wp\/v2\/comments?post=4033"}],"version-history":[{"count":2,"href":"https:\/\/blog.apartmentbarcelona.com\/de\/wp-json\/wp\/v2\/pages\/4033\/revisions"}],"predecessor-version":[{"id":66502,"href":"https:\/\/blog.apartmentbarcelona.com\/de\/wp-json\/wp\/v2\/pages\/4033\/revisions\/66502"}],"wp:attachment":[{"href":"https:\/\/blog.apartmentbarcelona.com\/de\/wp-json\/wp\/v2\/media?parent=4033"}],"curies":[{"name":"wp","href":"https:\/\/api.w.org\/{rel}","templated":true}]}}